{"id":15490,"date":"2019-05-27T11:59:34","date_gmt":"2019-05-27T11:59:34","guid":{"rendered":"https:\/\/eutur.es\/?page_id=15490\/"},"modified":"2019-05-28T11:55:06","modified_gmt":"2019-05-28T11:55:06","slug":"practices-program","status":"publish","type":"page","link":"https:\/\/eutur.es\/en\/practices-program\/","title":{"rendered":"Practises Program"},"content":{"rendered":"<p><div class=\"fusion-fullwidth fullwidth-box fusion-builder-row-1 nonhundred-percent-fullwidth non-hundred-percent-height-scrolling\" style=\"--awb-border-radius-top-left:0px;--awb-border-radius-top-right:0px;--awb-border-radius-bottom-right:0px;--awb-border-radius-bottom-left:0px;--awb-flex-wrap:wrap;\" ><div class=\"fusion-builder-row fusion-row\"><div class=\"fusion-layout-column fusion_builder_column fusion-builder-column-0 fusion_builder_column_1_4 1_4 fusion-one-fourth fusion-column-first\" style=\"--awb-bg-color:#e91e63;--awb-bg-color-hover:#e91e63;--awb-bg-size:cover;width:25%;width:calc(25% - ( ( PR\u00c1CTICAS EN TENERIFE + PR\u00c1CTICAS EN OTRAS ISLAS + PR\u00c1CTICAS NACIONALES ) * 0.25 ) );margin-right: ;\"><div class=\"fusion-column-wrapper fusion-flex-column-wrapper-legacy\"><div class=\"awb-gallery-wrapper awb-gallery-wrapper-1 fusion-no-medium-visibility button-span-no\"><div style=\"margin:-5px;--awb-bordersize:0px;\" class=\"fusion-gallery fusion-gallery-container fusion-grid-1 fusion-columns-total-1 fusion-gallery-layout-grid fusion-gallery-1\"><div style=\"padding:5px;\" class=\"fusion-grid-column fusion-gallery-column fusion-gallery-column-1 hover-type-zoomin\"><div class=\"fusion-gallery-image\"><a href=\"https:\/\/eutur.es\/wp-content\/uploads\/2019\/05\/tenerife.jpg\" rel=\"noreferrer\" data-rel=\"iLightbox[gallery_image_1]\" class=\"fusion-lightbox\"><img decoding=\"async\" src=\"https:\/\/eutur.es\/wp-content\/uploads\/2019\/05\/tenerife.jpg\" width=\"313\" height=\"288\" alt=\"\" title=\"tenerife\" aria-label=\"tenerife\" class=\"img-responsive wp-image-15427 fusion-gallery-image-size-fixed\" srcset=\"https:\/\/eutur.es\/wp-content\/uploads\/2019\/05\/tenerife-200x184.jpg 200w, https:\/\/eutur.es\/wp-content\/uploads\/2019\/05\/tenerife.jpg 313w\" sizes=\"(min-width: 2200px) 100vw, (min-width: 640px) 1600px, \" \/><\/a><\/div><\/div><div class=\"clearfix\"><\/div><\/div><\/div><div class=\"fusion-counters-box counters-box row fusion-clearfix fusion-columns-4\" style=\"--awb-body-color:#000000;--awb-color:#000000;\"><div class=\"fusion-counter-box fusion-column col-counter-box counter-box-wrapper col-lg-3 col-md-3 col-sm-3\" data-animationOffset=\"top-into-view\"><div class=\"counter-box-container\"><div class=\"content-box-percentage content-box-counter\"><span class=\"display-counter\" data-value=\"1\" data-direction=\"up\" data-decimals=\"0\">0<\/span><\/div><div class=\"counter-box-content\">PR\u00c1CTICAS EN TENERIFE <\/div><\/div><\/div><\/div><div class=\"clearfix\"><\/div><div class=\"fusion-text fusion-text-1\"><ul>\n<li><span style=\"color: #000000;\"><strong>Public Administrations and Entities:<\/strong><\/span>\n<ul>\n<li><span style=\"color: #000000;\"><strong>Conv. de Colaboraci\u00f3n de Pr\u00e1cticas con La Viceconsejer\u00eda de Acci\u00f3n Exterior.<\/strong><\/span><\/li>\n<li><span style=\"color: #000000;\"><strong>Conv. Presidencia de Gobierno. Direcci\u00f3n General de Relaciones Institucionales y Participaci\u00f3n Ciudadana.<\/strong><\/span><\/li>\n<li><span style=\"color: #000000;\"><strong>Conv. Turismo de Tenerife, S.A Conv. de colaboraci\u00f3n con el Excmo. Ayuntamiento de Santa Cruz de Tenerife.<\/strong><\/span><\/li>\n<li><span style=\"color: #000000;\"><strong>Conv. de colaboraci\u00f3n con el Excmo. Ayuntamiento de San Crist\u00f3bal de La Laguna.<\/strong><\/span><\/li>\n<\/ul>\n<\/li>\n<\/ul>\n<p><img decoding=\"async\" class=\"aligncenter\" src=\"https:\/\/eutur.es\/wp-content\/uploads\/2019\/05\/22196028_1721803054499442_7363287938496125469_n.jpg\" width=\"470\" height=\"834\" \/><\/p>\n<ul>\n<li><span style=\"color: #000000;\"><strong>Conv. de Colaboraci\u00f3n con el Organismo Aut\u00f3nomo de Fiestas de Santa Cruz de Tenerife.<\/strong><\/span><\/li>\n<li><span style=\"color: #000000;\"><strong>Conv. de pr\u00e1cticas con la Sociedad de Desarrollo se Santa Cruz de Tenerife S.A.U.<\/strong><\/span><\/li>\n<li><span style=\"color: #000000;\"><strong>Conv. de Colaboraci\u00f3n de Pr\u00e1cticas con el Auditorio de Tenerife, S.A.U.<\/strong><\/span><\/li>\n<li><span style=\"color: #000000;\"><strong>Conv. Tripartito con la Autoridad Portuaria de Tenerife y Excmo. Cabildo Insular de Tenerife.<\/strong><\/span><\/li>\n<li><span style=\"color: #000000;\"><strong>Otros&#8230;<\/strong><\/span><\/li>\n<\/ul>\n<ul>\n<li><span style=\"color: #000000;\"><strong>Tourist Companies:<\/strong><\/span>\n<ul>\n<li><span style=\"color: #000000;\"><strong>Conv. de Colaboraci\u00f3n de Pr\u00e1cticas con el Hotel Bot\u00e1nico.<\/strong><\/span><\/li>\n<li><span style=\"color: #000000;\"><strong>Conv. de Colaboraci\u00f3n de Pr\u00e1cticas con Tropical Tur\u00edstica, S.L. (Hotel Abama Golf &amp; Spa Resort).<\/strong><\/span><\/li>\n<li><span style=\"color: #000000;\"><strong>Conv. de Colaboraci\u00f3n de Pr\u00e1cticas en el Hotel Costa Adeje Palace.<\/strong><\/span><\/li>\n<li><span style=\"color: #000000;\"><strong>Conv. de Colaboraci\u00f3n de Pr\u00e1cticas en el Hotel Villa Cort\u00e9s.<\/strong><\/span><\/li>\n<li><span style=\"color: #000000;\"><strong>Conv. de pr\u00e1cticas Iberostar Management, S.A.U. (Hotel Iberostar Mencey).<\/strong><\/span><\/li>\n<li><span style=\"color: #000000;\"><strong>Conv. de Colaboraci\u00f3n de Pr\u00e1cticas con Viajes Carrefur S.L.<\/strong><\/span><\/li>\n<li><span style=\"color: #000000;\"><strong>Conv. de Colaboraci\u00f3n de Pr\u00e1cticas con Traveltool.<\/strong><\/span><\/li>\n<li><span style=\"color: #000000;\"><strong>Conv. de Colaboraci\u00f3n de Pr\u00e1cticas con PAMI TRAVEL.<\/strong><\/span><\/li>\n<li><span style=\"color: #000000;\"><strong>Conv. de Colaboraci\u00f3n de Pr\u00e1cticas con Fred Olsen<\/strong><\/span><\/li>\n<li><span style=\"color: #000000;\"><strong>Otras&#8230;<\/strong><\/span><\/li>\n<\/ul>\n<\/li>\n<\/ul>\n<p><img decoding=\"async\" class=\"\" src=\"https:\/\/eutur.es\/wp-content\/uploads\/2019\/05\/18765850_1579238462089236_5838102125863149992_n.jpg\" width=\"537\" height=\"302\" \/><\/p>\n<ul>\n<li><span style=\"color: #000000;\"><strong>Other Companies:<\/strong><\/span>\n<ul>\n<li><span style=\"color: #000000;\"><strong>Conv. de Colaboraci\u00f3n de Pr\u00e1cticas con Blue Marketing Eventes, S.L.<\/strong><\/span><\/li>\n<li><span style=\"color: #000000;\"><strong>Conv. de Colaboraci\u00f3n de Pr\u00e1cticas con Live Events S.L.<\/strong><\/span><\/li>\n<li><span style=\"color: #000000;\"><strong>Conv. de Colaboraci\u00f3n de Pr\u00e1cticas con Piramides de G\u00fcimar, S.A.U.<\/strong><\/span><\/li>\n<li><span style=\"color: #000000;\"><strong>Conv. de Colaboraci\u00f3n de Pr\u00e1cticas con el Parque Cient\u00edfico y Tecnol\u00f3gico de Tenerife, S.A.<\/strong><\/span><\/li>\n<li><span style=\"color: #000000;\"><strong>Conv. de Colaboraci\u00f3n de Pr\u00e1cticas con Anaga Experience.<\/strong><\/span><\/li>\n<li><span style=\"color: #000000;\"><strong>Conv. de Colaboraci\u00f3n de Pr\u00e1cticas con Gaming Experience, S.L.<\/strong><\/span><\/li>\n<li><span style=\"color: #000000;\"><strong>Conv. de Colaboraci\u00f3n de Aire Spa Solutions, S.L.<\/strong><\/span><\/li>\n<li><span style=\"color: #000000;\"><strong>Conv. de pr\u00e1cticas Eventos Azafatas y Servicios Canarias, S.L.<\/strong><\/span><\/li>\n<li><span style=\"color: #000000;\"><strong>Conv. de pr\u00e1cticas Loro Parque.<\/strong><\/span><\/li>\n<li><span style=\"color: #000000;\"><strong>Conv. Futurcan Marketing y Eventos, S.L. (Futurismo Canarias)<\/strong><\/span><\/li>\n<li><span style=\"color: #000000;\"><strong>Otras&#8230;<\/strong><\/span><\/li>\n<\/ul>\n<\/li>\n<\/ul>\n<p><img decoding=\"async\" class=\"aligncenter\" src=\"https:\/\/eutur.es\/wp-content\/uploads\/2019\/05\/14670784_1339130262766725_854357200862208831_n.jpg\" width=\"452\" height=\"430\" \/><\/p>\n<\/div><div class=\"fusion-clearfix\"><\/div><\/div><\/div><div class=\"fusion-layout-column fusion_builder_column fusion-builder-column-1 fusion_builder_column_1_4 1_4 fusion-one-fourth\" style=\"--awb-bg-color:#03a9f4;--awb-bg-color-hover:#03a9f4;--awb-bg-size:cover;width:25%;width:calc(25% - ( ( PR\u00c1CTICAS EN TENERIFE + PR\u00c1CTICAS EN OTRAS ISLAS + PR\u00c1CTICAS NACIONALES ) * 0.25 ) );margin-right: ;\"><div class=\"fusion-column-wrapper fusion-flex-column-wrapper-legacy\"><div class=\"fusion-counters-box counters-box row fusion-clearfix fusion-columns-4 fusion-no-medium-visibility\" style=\"--awb-body-color:#000000;--awb-color:#000000;\"><div class=\"fusion-counter-box fusion-column col-counter-box counter-box-wrapper col-lg-3 col-md-3 col-sm-3\" data-animationOffset=\"top-into-view\"><div class=\"counter-box-container\"><div class=\"content-box-percentage content-box-counter\"><span class=\"display-counter\" data-value=\"2\" data-direction=\"up\" data-decimals=\"0\">0<\/span><\/div><div class=\"counter-box-content\">PR\u00c1CTICAS EN CANARIAS<\/div><\/div><\/div><\/div><div class=\"clearfix\"><\/div><div class=\"awb-gallery-wrapper awb-gallery-wrapper-2 fusion-no-medium-visibility button-span-no\"><div style=\"margin:-6px;--awb-bordersize:0px;\" class=\"fusion-gallery fusion-gallery-container fusion-grid-1 fusion-columns-total-1 fusion-gallery-layout-grid fusion-gallery-2\"><div style=\"padding:6.5px;\" class=\"fusion-grid-column fusion-gallery-column fusion-gallery-column-1 hover-type-zoomin\"><div class=\"fusion-gallery-image\"><a href=\"https:\/\/eutur.es\/wp-content\/uploads\/2019\/05\/Islas-canarias-el-pais-canario.jpg\" rel=\"noreferrer\" data-rel=\"iLightbox[gallery_image_2]\" class=\"fusion-lightbox\"><img decoding=\"async\" src=\"https:\/\/eutur.es\/wp-content\/uploads\/2019\/05\/Islas-canarias-el-pais-canario.jpg\" width=\"800\" height=\"600\" alt=\"\" title=\"Islas-canarias-el-pais-canario\" aria-label=\"Islas-canarias-el-pais-canario\" class=\"img-responsive wp-image-15429\" srcset=\"https:\/\/eutur.es\/wp-content\/uploads\/2019\/05\/Islas-canarias-el-pais-canario-200x150.jpg 200w, https:\/\/eutur.es\/wp-content\/uploads\/2019\/05\/Islas-canarias-el-pais-canario-400x300.jpg 400w, https:\/\/eutur.es\/wp-content\/uploads\/2019\/05\/Islas-canarias-el-pais-canario-600x450.jpg 600w, https:\/\/eutur.es\/wp-content\/uploads\/2019\/05\/Islas-canarias-el-pais-canario.jpg 800w\" sizes=\"(min-width: 2200px) 100vw, (min-width: 640px) 1600px, \" \/><\/a><\/div><\/div><div class=\"clearfix\"><\/div><\/div><\/div><div class=\"fusion-text fusion-text-2\"><p><img decoding=\"async\" class=\"\" src=\"https:\/\/eutur.es\/wp-content\/uploads\/2019\/05\/46104338_2222165851129824_8911960511025774592_n.jpg\" width=\"417\" height=\"417\" \/><\/p>\n<ul>\n<li><span style=\"color: #000000;\"><strong>Public Administrations and Entities:<\/strong><\/span>\n<ul>\n<li><span style=\"color: #000000;\"><strong>Conv. de colaboraci\u00f3n con el Cabildo de La Gomera.<\/strong><\/span><\/li>\n<li><span style=\"color: #000000;\"><strong>Conv. de colaboraci\u00f3n con el Centro de Iniciativas y Turismo Insular TEDOTE La Palma.<\/strong><\/span><\/li>\n<li><span style=\"color: #000000;\"><strong>Sociedad de Promoci\u00f3n y Desarrollo Econ\u00f3mico de La Palma.<\/strong><\/span><\/li>\n<li><span style=\"color: #000000;\"><strong>Otros&#8230;<\/strong><\/span><\/li>\n<\/ul>\n<\/li>\n<li><strong>Tourist Companies:<\/strong>\n<ul>\n<li><span style=\"color: #000000;\"><strong>Conv. de pr\u00e1cticas Hotel Tecina de La Gomera.<\/strong><\/span><\/li>\n<li><span style=\"color: #000000;\"><strong>Conv. de pr\u00e1cticas Hotel Sol Barbacan (LPGC).<\/strong><\/span><\/li>\n<li><span style=\"color: #000000;\"><strong>Conv. de Colaboraci\u00f3n de Pr\u00e1cticas con la Hotelera Nueva Canaria, S.A. (Hotel Santa Catalina).<\/strong><\/span><\/li>\n<li><span style=\"color: #000000;\"><strong>Conv. Pr\u00e1cticas Operaciones Tur\u00edsticas Canariasviaja, S.A.<\/strong><\/span><\/li>\n<li><span style=\"color: #000000;\"><strong>Otros&#8230;<\/strong><\/span><\/li>\n<\/ul>\n<\/li>\n<li><strong>Other Companies:<\/strong>\n<ul>\n<li><span style=\"color: #000000;\"><strong>Conv. de Colaboraci\u00f3n de Pr\u00e1cticas con MINICARDS CANARIAS.<\/strong><\/span><\/li>\n<li><span style=\"color: #000000;\"><strong>Conv. de Colaboraci\u00f3n de Pr\u00e1cticas con Canarias Sport Holidays, S.L.<\/strong><\/span><\/li>\n<li><span style=\"color: #000000;\"><strong>Conv. de Colaboraci\u00f3n de Pr\u00e1cticas con Ecodrive Canarias ALBASAILING, S.L.U.<\/strong><\/span><\/li>\n<li><span style=\"color: #000000;\"><strong>Conv. de Colaboraci\u00f3n de Pr\u00e1cticas con el Museo de las Tradiciones de la Oliva.<\/strong><\/span><\/li>\n<li><span style=\"color: #000000;\"><strong>Otros&#8230;<\/strong><\/span><\/li>\n<\/ul>\n<\/li>\n<\/ul>\n<p><img decoding=\"async\" class=\"alignleft\" src=\"https:\/\/eutur.es\/wp-content\/uploads\/2019\/05\/28276886_1866272420052504_3215745237275516522_n.jpg\" width=\"615\" height=\"615\" \/><\/p>\n<\/div><div class=\"fusion-clearfix\"><\/div><\/div><\/div><div class=\"fusion-layout-column fusion_builder_column fusion-builder-column-2 fusion_builder_column_1_4 1_4 fusion-one-fourth\" style=\"--awb-bg-color:#ffc107;--awb-bg-color-hover:#ffc107;--awb-bg-size:cover;width:25%;width:calc(25% - ( ( PR\u00c1CTICAS EN TENERIFE + PR\u00c1CTICAS EN OTRAS ISLAS + PR\u00c1CTICAS NACIONALES ) * 0.25 ) );margin-right: ;\"><div class=\"fusion-column-wrapper fusion-flex-column-wrapper-legacy\"><div class=\"awb-gallery-wrapper awb-gallery-wrapper-3 fusion-no-medium-visibility button-span-no\"><div style=\"margin:-5px;--awb-bordersize:0px;\" class=\"fusion-gallery fusion-gallery-container fusion-grid-1 fusion-columns-total-1 fusion-gallery-layout-masonry fusion-gallery-3\"><div class=\"fusion-grid-column fusion-gallery-column fusion-gallery-column-1 hover-type-zoomin fusion-grid-sizer\"><\/div><div style=\"padding:5px;\" class=\"fusion-grid-column fusion-gallery-column fusion-gallery-column-1 hover-type-zoomin fusion-element-grid\"><div class=\"fusion-gallery-image\"><a href=\"https:\/\/eutur.es\/wp-content\/uploads\/2019\/05\/espac3b1a.jpg\" rel=\"noreferrer\" data-rel=\"iLightbox[gallery_image_3]\" class=\"fusion-lightbox\"><div style=\"background-image:url(https:\/\/eutur.es\/wp-content\/uploads\/2019\/05\/espac3b1a.jpg);padding-top:calc((100% + 10px) * 0.8 - 5px);\" class=\"fusion-masonry-element-container\"><img decoding=\"async\" src=\"https:\/\/eutur.es\/wp-content\/uploads\/2019\/05\/espac3b1a.jpg\" width=\"600\" height=\"467\" alt=\"\" title=\"espac3b1a\" aria-label=\"espac3b1a\" class=\"img-responsive wp-image-15467 fusion-gallery-image-size-fixed\" srcset=\"https:\/\/eutur.es\/wp-content\/uploads\/2019\/05\/espac3b1a-200x156.jpg 200w, https:\/\/eutur.es\/wp-content\/uploads\/2019\/05\/espac3b1a-400x311.jpg 400w, https:\/\/eutur.es\/wp-content\/uploads\/2019\/05\/espac3b1a.jpg 600w\" sizes=\"(min-width: 2200px) 100vw, (min-width: 640px) 1600px, \" \/><\/div><\/a><\/div><\/div><\/div><\/div><div class=\"fusion-counters-box counters-box row fusion-clearfix fusion-columns-4 fusion-no-medium-visibility\" style=\"--awb-body-color:#000000;--awb-color:#000000;\"><div class=\"fusion-counter-box fusion-column col-counter-box counter-box-wrapper col-lg-3 col-md-3 col-sm-3\" data-animationOffset=\"top-into-view\"><div class=\"counter-box-container\"><div class=\"content-box-percentage content-box-counter\"><span class=\"display-counter\" data-value=\"3\" data-direction=\"up\" data-decimals=\"0\">0<\/span><\/div><div class=\"counter-box-content\">PR\u00c1CTICAS NACIONALES<\/div><\/div><\/div><\/div><div class=\"clearfix\"><\/div><div class=\"fusion-text fusion-text-3\"><ul>\n<li><span style=\"color: #000000;\"><strong>Public Administrations and Entities:<\/strong><\/span>\n<ul>\n<li><span style=\"color: #000000;\"><strong>Conv. Presidencia de Gobierno. Direcci\u00f3n General de Relaciones Institucionales y Participaci\u00f3n Ciudadana.<\/strong><\/span><\/li>\n<li><span style=\"color: #000000;\"><strong>Conv. de Colaboraci\u00f3n de Pr\u00e1cticas con el Instituto de Turismo Responsable.<\/strong><\/span><\/li>\n<li><span style=\"color: #000000;\"><strong>Conv. de pr\u00e1cticas con AENA.<\/strong><\/span><\/li>\n<li><span style=\"color: #000000;\"><strong>Otros&#8230;\u00a0<\/strong><\/span><\/li>\n<\/ul>\n<\/li>\n<\/ul>\n<p><img decoding=\"async\" class=\"\" src=\"https:\/\/eutur.es\/wp-content\/uploads\/2019\/05\/14680664_1339130269433391_9209287704498109104_n.jpg\" width=\"719\" height=\"431\" \/><\/p>\n<ul>\n<li><span style=\"color: #000000;\"><strong>Tourist Companies and Others:<\/strong><\/span>\n<ul>\n<li><span style=\"color: #000000;\"><strong>Conv. de Colaboraci\u00f3n de Pr\u00e1cticas en el Hotel Jardines de Uleta Suites.<\/strong><\/span><\/li>\n<li><span style=\"color: #000000;\"><strong>Conv. de Colaboraci\u00f3n de Pr\u00e1cticas con el pr\u00e1cticas Hotel Holiday Inn Express San Sebasti\u00e1n.<\/strong><\/span><\/li>\n<li><span style=\"color: #000000;\"><strong>Conv. de Colaboraci\u00f3n de Pr\u00e1cticas con EUROPCAR IB, S.A.<\/strong><\/span><\/li>\n<li><span style=\"color: #000000;\"><strong>Conv. de Colavoraci\u00f3n con Raquel S\u00e1nchez Iba\u00f1ez &#8211; Eventos &#8211; Madrid.<\/strong><\/span><\/li>\n<li><span style=\"color: #000000;\"><strong>Otros&#8230;<\/strong><\/span><\/li>\n<\/ul>\n<\/li>\n<\/ul>\n<p><img decoding=\"async\" src=\"https:\/\/eutur.es\/wp-content\/uploads\/2019\/05\/19260556_1613283688684713_6151548592373976130_n.jpg\" \/><\/p>\n<\/div><div class=\"fusion-clearfix\"><\/div><\/div><\/div><div class=\"fusion-layout-column fusion_builder_column fusion-builder-column-3 fusion_builder_column_1_4 1_4 fusion-one-fourth fusion-column-last\" style=\"--awb-bg-color:#77c122;--awb-bg-color-hover:#77c122;--awb-bg-size:cover;width:25%;width:calc(25% - ( ( PR\u00c1CTICAS EN TENERIFE + PR\u00c1CTICAS EN OTRAS ISLAS + PR\u00c1CTICAS NACIONALES ) * 0.25 ) );\"><div class=\"fusion-column-wrapper fusion-flex-column-wrapper-legacy\"><div class=\"fusion-counters-box counters-box row fusion-clearfix fusion-columns-5\" style=\"--awb-body-color:#000000;--awb-color:#000000;\"><div class=\"fusion-counter-box fusion-column col-counter-box counter-box-wrapper col-lg-2 col-md-2 col-sm-2\" data-animationOffset=\"top-into-view\"><div class=\"counter-box-container\"><div class=\"content-box-percentage content-box-counter\"><span class=\"display-counter\" data-value=\"4\" data-direction=\"up\" data-decimals=\"0\">0<\/span><\/div><div class=\"counter-box-content\">PR\u00c1CTICAS INTERNACIONALES<\/div><\/div><\/div><\/div><div class=\"clearfix\"><\/div><div class=\"awb-gallery-wrapper awb-gallery-wrapper-4 fusion-no-medium-visibility button-span-no\"><div style=\"margin:-13px;--awb-bordersize:0px;\" class=\"fusion-gallery fusion-gallery-container fusion-grid-1 fusion-columns-total-1 fusion-gallery-layout-masonry fusion-gallery-4\"><div class=\"fusion-grid-column fusion-gallery-column fusion-gallery-column-1 hover-type-zoomin fusion-element-grid fusion-grid-sizer\"><\/div><div style=\"padding:13.5px;\" class=\"fusion-grid-column fusion-gallery-column fusion-gallery-column-1 hover-type-zoomin fusion-element-landscape\"><div class=\"fusion-gallery-image\"><a href=\"https:\/\/eutur.es\/wp-content\/uploads\/2019\/05\/u9iuxjrhd4jeuavvqxtw.jpg\" rel=\"noreferrer\" data-rel=\"iLightbox[gallery_image_4]\" class=\"fusion-lightbox\"><div style=\"background-image:url(https:\/\/eutur.es\/wp-content\/uploads\/2019\/05\/u9iuxjrhd4jeuavvqxtw.jpg);padding-top:calc((100% + 26px) * 0.4 - 13.5px);\" class=\"fusion-masonry-element-container\"><img decoding=\"async\" src=\"https:\/\/eutur.es\/wp-content\/uploads\/2019\/05\/u9iuxjrhd4jeuavvqxtw.jpg\" width=\"1000\" height=\"662\" alt=\"\" title=\"u9iuxjrhd4jeuavvqxtw\" aria-label=\"u9iuxjrhd4jeuavvqxtw\" class=\"img-responsive wp-image-15432 fusion-gallery-image-size-fixed\" srcset=\"https:\/\/eutur.es\/wp-content\/uploads\/2019\/05\/u9iuxjrhd4jeuavvqxtw-200x132.jpg 200w, https:\/\/eutur.es\/wp-content\/uploads\/2019\/05\/u9iuxjrhd4jeuavvqxtw-400x265.jpg 400w, https:\/\/eutur.es\/wp-content\/uploads\/2019\/05\/u9iuxjrhd4jeuavvqxtw-600x397.jpg 600w, https:\/\/eutur.es\/wp-content\/uploads\/2019\/05\/u9iuxjrhd4jeuavvqxtw-800x530.jpg 800w, https:\/\/eutur.es\/wp-content\/uploads\/2019\/05\/u9iuxjrhd4jeuavvqxtw.jpg 1000w\" sizes=\"(min-width: 2200px) 100vw, (min-width: 640px) 1600px, \" \/><\/div><\/a><\/div><\/div><\/div><\/div><div class=\"fusion-text fusion-text-4\"><ul>\n<li><strong>Public Administrations and Entities:<\/strong>\n<ul>\n<li><span style=\"color: #000000;\"><strong>Conv. marco de Cooperaci\u00f3n entre la Comisi\u00f3n de Acci\u00f3n Exterior.<\/strong><\/span><\/li>\n<li><span style=\"color: #000000;\"><strong>Conv. de Colaboraci\u00f3n de Pr\u00e1cticas con La Viceconsejer\u00eda de Acci\u00f3n Exterior.<\/strong><\/span><\/li>\n<li><span style=\"color: #000000;\"><strong>Otras&#8230;<\/strong><\/span><\/li>\n<\/ul>\n<\/li>\n<\/ul>\n<p><img decoding=\"async\" class=\"\" src=\"https:\/\/eutur.es\/wp-content\/uploads\/2019\/05\/34663074_1983675164978895_5733259252525432832_n.jpg\" width=\"635\" height=\"476\" \/><\/p>\n<p><img decoding=\"async\" class=\"\" src=\"https:\/\/eutur.es\/wp-content\/uploads\/2019\/05\/19958902_1635336096479472_4418731809255790926_n.jpg\" width=\"637\" height=\"849\" \/><\/p>\n<ul>\n<li><span style=\"color: #000000;\"><strong>Tourist Companies and Others:<\/strong><\/span>\n<ul>\n<li><span style=\"color: #000000;\"><strong>Conv. de pr\u00e1cticas con AIR EUROPA.<\/strong><\/span><\/li>\n<li><span style=\"color: #000000;\"><strong>Conv. de Colaboraci\u00f3n de Pr\u00e1cticas con el Pr\u00e1cticas Steigenberger Airport Hotel.<\/strong><\/span><\/li>\n<li><span style=\"color: #000000;\"><strong>Conv.de colaboraci\u00f3n de Pr\u00e1cticas con Cruceros Royal Caribbian.<\/strong><\/span><\/li>\n<li><span style=\"color: #000000;\"><strong>Conv.de colaboraci\u00f3n de Pr\u00e1cticas con RCL Cruises LTD., sucursal de Espa\u00f1a.<\/strong><\/span><\/li>\n<li><span style=\"color: #000000;\"><strong>Conv. Pr\u00e1cticas Artici Ice Bar A.S. (Noruega).<\/strong><\/span><\/li>\n<li><span style=\"color: #000000;\"><strong>Otras&#8230;<\/strong><\/span><\/li>\n<\/ul>\n<\/li>\n<\/ul>\n<\/div><div class=\"fusion-clearfix\"><\/div><\/div><\/div><\/div><\/div><div class=\"fusion-fullwidth fullwidth-box fusion-builder-row-2 nonhundred-percent-fullwidth non-hundred-percent-height-scrolling\" style=\"--awb-border-radius-top-left:0px;--awb-border-radius-top-right:0px;--awb-border-radius-bottom-right:0px;--awb-border-radius-bottom-left:0px;--awb-flex-wrap:wrap;\" ><div class=\"fusion-builder-row fusion-row\"><div class=\"fusion-layout-column fusion_builder_column fusion-builder-column-4 fusion_builder_column_1_1 1_1 fusion-one-full fusion-column-first fusion-column-last\" style=\"--awb-bg-size:cover;--awb-margin-bottom:0px;\"><div class=\"fusion-column-wrapper fusion-flex-column-wrapper-legacy\"><div class=\"fusion-text fusion-text-5\"><p>&nbsp;<\/p>\n<p>\u00a1\u00a1\u00a1PR\u00c1CTICAS EXTERNAS EN TU ISLA, EN CANARIAS, A NIVEL ESTATAL O INTERNACIONAL!!!<\/p>\n<\/div><div class=\"fusion-clearfix\"><\/div><\/div><\/div><\/div><\/div><\/p>\n","protected":false},"excerpt":{"rendered":"","protected":false},"author":5,"featured_media":0,"parent":0,"menu_order":0,"comment_status":"closed","ping_status":"closed","template":"","meta":{"footnotes":""},"_links":{"self":[{"href":"https:\/\/eutur.es\/en\/wp-json\/wp\/v2\/pages\/15490"}],"collection":[{"href":"https:\/\/eutur.es\/en\/wp-json\/wp\/v2\/pages"}],"about":[{"href":"https:\/\/eutur.es\/en\/wp-json\/wp\/v2\/types\/page"}],"author":[{"embeddable":true,"href":"https:\/\/eutur.es\/en\/wp-json\/wp\/v2\/users\/5"}],"replies":[{"embeddable":true,"href":"https:\/\/eutur.es\/en\/wp-json\/wp\/v2\/comments?post=15490"}],"version-history":[{"count":0,"href":"https:\/\/eutur.es\/en\/wp-json\/wp\/v2\/pages\/15490\/revisions"}],"wp:attachment":[{"href":"https:\/\/eutur.es\/en\/wp-json\/wp\/v2\/media?parent=15490"}],"curies":[{"name":"wp","href":"https:\/\/api.w.org\/{rel}","templated":true}]}}